{"id":1034,"date":"2026-02-09T19:49:04","date_gmt":"2026-02-09T19:49:04","guid":{"rendered":"https:\/\/clientstagingpro.website\/dev150\/?page_id=1034"},"modified":"2026-02-09T19:50:46","modified_gmt":"2026-02-09T19:50:46","slug":"erbscheinantrag-annahme-und-ausschluss-der-ausschlagung","status":"publish","type":"page","link":"https:\/\/clientstagingpro.website\/dev150\/erbscheinantrag-annahme-und-ausschluss-der-ausschlagung\/","title":{"rendered":"Erbscheinantrag annahme und ausschluss der ausschlagung"},"content":{"rendered":"\t\t<div data-elementor-type=\"wp-page\" data-elementor-id=\"1034\" class=\"elementor elementor-1034\" data-elementor-post-type=\"page\">\n\t\t\t\t\t\t<section class=\"elementor-section elementor-top-section elementor-element elementor-element-61740fe elementor-section-boxed elementor-section-height-default elementor-section-height-default\" data-id=\"61740fe\" data-element_type=\"section\" data-e-type=\"section\">\n\t\t\t\t\t\t<div class=\"elementor-container elementor-column-gap-default\">\n\t\t\t\t\t<div class=\"elementor-column elementor-col-100 elementor-top-column elementor-element elementor-element-6aca936\" data-id=\"6aca936\" data-element_type=\"column\" data-e-type=\"column\">\n\t\t\t<div class=\"elementor-widget-wrap elementor-element-populated\">\n\t\t\t\t\t\t<div class=\"elementor-element elementor-element-ff04667 elementor-widget elementor-widget-heading\" data-id=\"ff04667\" data-element_type=\"widget\" data-e-type=\"widget\" data-widget_type=\"heading.default\">\n\t\t\t\t\t<h2 class=\"elementor-heading-title elementor-size-default\">Erbscheinsantrag als konkludente Annahme der Erbschaft? <\/h2>\t\t\t\t<\/div>\n\t\t\t\t<section class=\"elementor-section elementor-inner-section elementor-element elementor-element-e5c4bc6 elementor-section-boxed elementor-section-height-default elementor-section-height-default\" data-id=\"e5c4bc6\" data-element_type=\"section\" data-e-type=\"section\">\n\t\t\t\t\t\t<div class=\"elementor-container elementor-column-gap-default\">\n\t\t\t\t\t<div class=\"elementor-column elementor-col-50 elementor-inner-column elementor-element elementor-element-a3aabfb\" data-id=\"a3aabfb\" data-element_type=\"column\" data-e-type=\"column\">\n\t\t\t<div class=\"elementor-widget-wrap elementor-element-populated\">\n\t\t\t\t\t\t<div class=\"elementor-element elementor-element-d32a9b5 elementor-widget elementor-widget-image\" data-id=\"d32a9b5\" data-element_type=\"widget\" data-e-type=\"widget\" data-widget_type=\"image.default\">\n\t\t\t\t\t\t\t\t\t\t\t\t\t\t\t<img fetchpriority=\"high\" decoding=\"async\" width=\"424\" height=\"283\" src=\"https:\/\/clientstagingpro.website\/dev150\/wp-content\/uploads\/2026\/02\/erbrecht_anwalt_beratung_2_small.jpg\" class=\"attachment-full size-full wp-image-952\" alt=\"\" srcset=\"https:\/\/clientstagingpro.website\/dev150\/wp-content\/uploads\/2026\/02\/erbrecht_anwalt_beratung_2_small.jpg 424w, https:\/\/clientstagingpro.website\/dev150\/wp-content\/uploads\/2026\/02\/erbrecht_anwalt_beratung_2_small-300x200.jpg 300w\" sizes=\"(max-width: 424px) 100vw, 424px\" \/>\t\t\t\t\t\t\t\t\t\t\t\t\t\t\t<\/div>\n\t\t\t\t\t<\/div>\n\t\t<\/div>\n\t\t\t\t<div class=\"elementor-column elementor-col-50 elementor-inner-column elementor-element elementor-element-7af249d\" data-id=\"7af249d\" data-element_type=\"column\" data-e-type=\"column\">\n\t\t\t<div class=\"elementor-widget-wrap elementor-element-populated\">\n\t\t\t\t\t\t<div class=\"elementor-element elementor-element-11e1f1d elementor-widget elementor-widget-heading\" data-id=\"11e1f1d\" data-element_type=\"widget\" data-e-type=\"widget\" data-widget_type=\"heading.default\">\n\t\t\t\t\t<p class=\"elementor-heading-title elementor-size-default\">Kann durch die Beantragung des Erbscheins das Recht zur Ausschlagung verwirkt werden?  <\/p>\t\t\t\t<\/div>\n\t\t\t\t<div class=\"elementor-element elementor-element-b2500a7 elementor-widget elementor-widget-text-editor\" data-id=\"b2500a7\" data-element_type=\"widget\" data-e-type=\"widget\" data-widget_type=\"text-editor.default\">\n\t\t\t\t\t\t\t\t\tWer die Erbschaft bereits angenommen hat, kann sie nicht mehr ausschlagen. Dieser Grundsatz gilt sowohl im deutschen (\u00a7 1943 BGB) als auch im t\u00fcrkischen Erbrecht (TMK m. 610). Die Annahme kann ausdr\u00fccklich oder konkludent bzw. durch schl\u00fcssiges Verhalten erfolgen. So kann eine Handlung  bzw. Verhalten des Erben &#8211; auch wenn es sich hierbei nichts denkt und keinen Annahmewillen hat &#8211; rechtlich als Annahme der Erbschaft interpretiert werden, wodurch er das Recht zur Ausschlagung des verschuldeten Nachlasses verliert. In der deutschen Rechtsprechung wird die Stellung eines Erbscheinantrags durch den Erben als Annahme der Erbschaft angesehen (Palandt\/Weidlich, \u00a7 1943, Rn. 2). \t\t\t\t\t\t\t\t<\/div>\n\t\t\t\t\t<\/div>\n\t\t<\/div>\n\t\t\t\t\t<\/div>\n\t\t<\/section>\n\t\t\t\t<div class=\"elementor-element elementor-element-3aadc1a elementor-widget elementor-widget-heading\" data-id=\"3aadc1a\" data-element_type=\"widget\" data-e-type=\"widget\" data-widget_type=\"heading.default\">\n\t\t\t\t\t<p class=\"elementor-heading-title elementor-size-default\">Der Erbscheinantrag f\u00fchrt nicht zwangsl\u00e4ufig zur Annahme der Erbschaft<\/p>\t\t\t\t<\/div>\n\t\t\t\t<div class=\"elementor-element elementor-element-75fc206 elementor-widget elementor-widget-text-editor\" data-id=\"75fc206\" data-element_type=\"widget\" data-e-type=\"widget\" data-widget_type=\"text-editor.default\">\n\t\t\t\t\t\t\t\t\t<p>Der t\u00fcrkische Kassationshof hat bereits im Jahre 1976 entschieden, dass die Stellung eines Erbscheins nicht als Annahme der Erbschaft zu qualifizieren ist (Yarg\u0131tay 2. Hukuk Dairesi E. 1976\/3899 K. 1976\/4138 vom 13.05.1976). Als Begr\u00fcndung f\u00fchrt das Gericht hierzu aus, dass die Beweggr\u00fcnde f\u00fcr die Antragstellung vielf\u00e4ltig sein k\u00f6nnen und die Erbscheinantragstellung nicht zwangsl\u00e4ufig zur Erlangung oder Teilung der Erbschaft erfolgen muss. Die Stellung des Erbscheinantrags kann auch zur Geltendmachung von anderweitigen &#8211;\u00a0 au\u00dfererbrechtlichen bzw. mittelbaren &#8211; Anspr\u00fcche, wie z.B. Weisen-, Witwenrente oder immateriellen Schadenersatzanspr\u00fcchen erfolgen. Hieraus folgt u.a., dass der Verlust der Erbenstellung bzw. Ausschluss von der Erbfolge (z.B. aufgrund der Ausschlagung der Erbschaft, der Erbverzicht oder Enterbung, Erbunw\u00fcrdigkeit etc.) dem Antragsbefugnis nicht entgegenstehen.\u00a0<\/p><p>Der Vergleich zwischen der deutschen und der t\u00fcrkischen Judikatur zeigt, dass die Auswirkungen der Beantragung eines Erbscheins unterschiedlich beurteilt werden. W\u00e4hrend nach der deutschen Rechtsprechung der Erbscheinantrag zur Annahme der Erbschaft und somit zum Verlust des Ausschlagungsrechts f\u00fchrt (m\u00f6glich w\u00e4re ggfls. die Anfechtung der Annahme wegen Irrtums), wird in der t\u00fcrkischen Rechtsprechung die Beantragung des Erbscheins nicht als eine (schl\u00fcssige) Annahme der Erbschaft angesehen, so dass der Antragsteller &#8211; trotz eines Erbscheinantrags und der Ausstellung eines Erbscheins &#8211; die Erbschaft weiterhin innerhalb der hierf\u00fcr vorgesehenen Ausschlagungsfrist (grunds\u00e4tzlich drei Monate ab Kenntnis vom Erbfall bzw. amtlicher Mitteilung der Testamentser\u00f6ffnung, TMK m. 606) ausschlagen kann. Allerdings sollte der Erben jegliche (weitere) Handlung unterlassen, die als Annahme der Erbschaft i.S.v. TMK 610 Abs. 2 qualifiziert werden k\u00f6nnen. Der Erbe kann sein Ausschlagungsrecht insbesondere dann verwirken, wenn er\u00a0sich vor Ablauf der Frist in die Angelegenheiten der Erbschaft eingemischt oder Handlungen vornimmt, die nicht durch die blosse Verwaltung der Erbschaft und durch den Fortgang der Gesch\u00e4fte des Erblassers gefordert sind, oder er sich Erbschaftssachen aneignet oder verheimlicht.\u00a0<\/p>\t\t\t\t\t\t\t\t<\/div>\n\t\t\t\t\t<\/div>\n\t\t<\/div>\n\t\t\t\t\t<\/div>\n\t\t<\/section>\n\t\t\t\t<\/div>\n\t\t","protected":false},"excerpt":{"rendered":"<p>Erbscheinsantrag als konkludente Annahme der Erbschaft? Kann durch die Beantragung des Erbscheins das Recht zur Ausschlagung verwirkt werden? Wer die [&hellip;]<\/p>\n","protected":false},"author":1,"featured_media":0,"parent":0,"menu_order":0,"comment_status":"closed","ping_status":"closed","template":"elementor_header_footer","meta":{"site-sidebar-layout":"no-sidebar","site-content-layout":"","ast-site-content-layout":"full-width-container","site-content-style":"default","site-sidebar-style":"default","ast-global-header-display":"","ast-banner-title-visibility":"","ast-main-header-display":"","ast-hfb-above-header-display":"","ast-hfb-below-header-display":"","ast-hfb-mobile-header-display":"","site-post-title":"","ast-breadcrumbs-content":"","ast-featured-img":"disabled","footer-sml-layout":"","ast-disable-related-posts":"","theme-transparent-header-meta":"","adv-header-id-meta":"","stick-header-meta":"","header-above-stick-meta":"","header-main-stick-meta":"","header-below-stick-meta":"","astra-migrate-meta-layouts":"default","ast-page-background-enabled":"default","ast-page-background-meta":{"desktop":{"background-color":"var(--ast-global-color-5)","background-image":"","background-repeat":"repeat","background-position":"center center","background-size":"auto","background-attachment":"scroll","background-type":"","background-media":"","overlay-type":"","overlay-color":"","overlay-opacity":"","overlay-gradient":""},"tablet":{"background-color":"","background-image":"","background-repeat":"repeat","background-position":"center center","background-size":"auto","background-attachment":"scroll","background-type":"","background-media":"","overlay-type":"","overlay-color":"","overlay-opacity":"","overlay-gradient":""},"mobile":{"background-color":"","background-image":"","background-repeat":"repeat","background-position":"center center","background-size":"auto","background-attachment":"scroll","background-type":"","background-media":"","overlay-type":"","overlay-color":"","overlay-opacity":"","overlay-gradient":""}},"ast-content-background-meta":{"desktop":{"background-color":"var(--ast-global-color-4)","background-image":"","background-repeat":"repeat","background-position":"center center","background-size":"auto","background-attachment":"scroll","background-type":"","background-media":"","overlay-type":"","overlay-color":"","overlay-opacity":"","overlay-gradient":""},"tablet":{"background-color":"var(--ast-global-color-4)","background-image":"","background-repeat":"repeat","background-position":"center center","background-size":"auto","background-attachment":"scroll","background-type":"","background-media":"","overlay-type":"","overlay-color":"","overlay-opacity":"","overlay-gradient":""},"mobile":{"background-color":"var(--ast-global-color-4)","background-image":"","background-repeat":"repeat","background-position":"center center","background-size":"auto","background-attachment":"scroll","background-type":"","background-media":"","overlay-type":"","overlay-color":"","overlay-opacity":"","overlay-gradient":""}},"footnotes":""},"class_list":["post-1034","page","type-page","status-publish","hentry"],"_links":{"self":[{"href":"https:\/\/clientstagingpro.website\/dev150\/wp-json\/wp\/v2\/pages\/1034","targetHints":{"allow":["GET"]}}],"collection":[{"href":"https:\/\/clientstagingpro.website\/dev150\/wp-json\/wp\/v2\/pages"}],"about":[{"href":"https:\/\/clientstagingpro.website\/dev150\/wp-json\/wp\/v2\/types\/page"}],"author":[{"embeddable":true,"href":"https:\/\/clientstagingpro.website\/dev150\/wp-json\/wp\/v2\/users\/1"}],"replies":[{"embeddable":true,"href":"https:\/\/clientstagingpro.website\/dev150\/wp-json\/wp\/v2\/comments?post=1034"}],"version-history":[{"count":4,"href":"https:\/\/clientstagingpro.website\/dev150\/wp-json\/wp\/v2\/pages\/1034\/revisions"}],"predecessor-version":[{"id":1038,"href":"https:\/\/clientstagingpro.website\/dev150\/wp-json\/wp\/v2\/pages\/1034\/revisions\/1038"}],"wp:attachment":[{"href":"https:\/\/clientstagingpro.website\/dev150\/wp-json\/wp\/v2\/media?parent=1034"}],"curies":[{"name":"wp","href":"https:\/\/api.w.org\/{rel}","templated":true}]}}