{"id":1005,"date":"2026-02-09T19:25:25","date_gmt":"2026-02-09T19:25:25","guid":{"rendered":"https:\/\/clientstagingpro.website\/dev150\/?page_id=1005"},"modified":"2026-02-09T19:32:28","modified_gmt":"2026-02-09T19:32:28","slug":"erbscheinerteilungsverfahren-tuerkei","status":"publish","type":"page","link":"https:\/\/clientstagingpro.website\/dev150\/erbscheinerteilungsverfahren-tuerkei\/","title":{"rendered":"Erbscheinerteilungsverfahren tuerkei"},"content":{"rendered":"\t\t<div data-elementor-type=\"wp-page\" data-elementor-id=\"1005\" class=\"elementor elementor-1005\" data-elementor-post-type=\"page\">\n\t\t\t\t\t\t<section class=\"elementor-section elementor-top-section elementor-element elementor-element-1217d3e elementor-section-boxed elementor-section-height-default elementor-section-height-default\" data-id=\"1217d3e\" data-element_type=\"section\" data-e-type=\"section\">\n\t\t\t\t\t\t<div class=\"elementor-container elementor-column-gap-default\">\n\t\t\t\t\t<div class=\"elementor-column elementor-col-100 elementor-top-column elementor-element elementor-element-9289a5f\" data-id=\"9289a5f\" data-element_type=\"column\" data-e-type=\"column\">\n\t\t\t<div class=\"elementor-widget-wrap elementor-element-populated\">\n\t\t\t\t\t\t<div class=\"elementor-element elementor-element-dfa4489 elementor-widget elementor-widget-heading\" data-id=\"dfa4489\" data-element_type=\"widget\" data-e-type=\"widget\" data-widget_type=\"heading.default\">\n\t\t\t\t\t<h2 class=\"elementor-heading-title elementor-size-default\">Gerichtliches Erbscheinerteilungsverfahren in der T\u00fcrkei <\/h2>\t\t\t\t<\/div>\n\t\t\t\t<section class=\"elementor-section elementor-inner-section elementor-element elementor-element-e2127e7 elementor-section-boxed elementor-section-height-default elementor-section-height-default\" data-id=\"e2127e7\" data-element_type=\"section\" data-e-type=\"section\">\n\t\t\t\t\t\t<div class=\"elementor-container elementor-column-gap-default\">\n\t\t\t\t\t<div class=\"elementor-column elementor-col-50 elementor-inner-column elementor-element elementor-element-2498a74\" data-id=\"2498a74\" data-element_type=\"column\" data-e-type=\"column\">\n\t\t\t<div class=\"elementor-widget-wrap elementor-element-populated\">\n\t\t\t\t\t\t<div class=\"elementor-element elementor-element-8025047 elementor-widget elementor-widget-image\" data-id=\"8025047\" data-element_type=\"widget\" data-e-type=\"widget\" data-widget_type=\"image.default\">\n\t\t\t\t\t\t\t\t\t\t\t\t\t\t\t<img fetchpriority=\"high\" decoding=\"async\" width=\"424\" height=\"283\" src=\"https:\/\/clientstagingpro.website\/dev150\/wp-content\/uploads\/2026\/02\/erbrecht_anwalt_beratung_2_small.jpg\" class=\"attachment-full size-full wp-image-952\" alt=\"\" srcset=\"https:\/\/clientstagingpro.website\/dev150\/wp-content\/uploads\/2026\/02\/erbrecht_anwalt_beratung_2_small.jpg 424w, https:\/\/clientstagingpro.website\/dev150\/wp-content\/uploads\/2026\/02\/erbrecht_anwalt_beratung_2_small-300x200.jpg 300w\" sizes=\"(max-width: 424px) 100vw, 424px\" \/>\t\t\t\t\t\t\t\t\t\t\t\t\t\t\t<\/div>\n\t\t\t\t\t<\/div>\n\t\t<\/div>\n\t\t\t\t<div class=\"elementor-column elementor-col-50 elementor-inner-column elementor-element elementor-element-b35dffc\" data-id=\"b35dffc\" data-element_type=\"column\" data-e-type=\"column\">\n\t\t\t<div class=\"elementor-widget-wrap elementor-element-populated\">\n\t\t\t\t\t\t<div class=\"elementor-element elementor-element-73a24f3 elementor-widget elementor-widget-heading\" data-id=\"73a24f3\" data-element_type=\"widget\" data-e-type=\"widget\" data-widget_type=\"heading.default\">\n\t\t\t\t\t<p class=\"elementor-heading-title elementor-size-default\">T\u00fcrkisches Erbrecht: der Erbschein als Nachweis der Erbberechtigung  <\/p>\t\t\t\t<\/div>\n\t\t\t\t<div class=\"elementor-element elementor-element-e4e9de9 elementor-widget elementor-widget-text-editor\" data-id=\"e4e9de9\" data-element_type=\"widget\" data-e-type=\"widget\" data-widget_type=\"text-editor.default\">\n\t\t\t\t\t\t\t\t\t<p>Die Erben m\u00fcssen f\u00fcr den Nachweis ihrer Erbenstellung in der T\u00fcrkei einen t\u00fcrkischen Erbschein beantragen. F\u00fcr die Erteilung des Erbscheins sind grunds\u00e4tzlich die t\u00fcrkischen Gerichte zust\u00e4ndig.<\/p><p>Die t\u00fcrkischen Gerichte werden in Falle eines Erbfalls nicht von Amts wegen t\u00e4tig, sodern die Erben (bzw. ein Erbe) muss hierf\u00fcr beim t\u00fcrkischen Gericht einen Antrag auf Erteilung eines t\u00fcrkischen Erbscheins stellen.<\/p>\t\t\t\t\t\t\t\t<\/div>\n\t\t\t\t\t<\/div>\n\t\t<\/div>\n\t\t\t\t\t<\/div>\n\t\t<\/section>\n\t\t\t\t<div class=\"elementor-element elementor-element-281c997 elementor-widget elementor-widget-text-editor\" data-id=\"281c997\" data-element_type=\"widget\" data-e-type=\"widget\" data-widget_type=\"text-editor.default\">\n\t\t\t\t\t\t\t\t\t<p>Das t\u00fcrkische Gericht \u00fcberpr\u00fcft im Rahmen des Erbscheinerteilungsverfahrens \u00fcber die Erbenstellung des Antragstellers. Sind weitere Erben vorhanden, so wird im Erbschein der Anteil der einzelnen Erben festgestellt. Mit diesem Erbschein k\u00f6nnen die Erben anschlie\u00dfend ihre Stellung als Erbe des verstorbenen Erblassers nachweisen. Erst durch die Vorlage des t\u00fcrkischen Erbscheins k\u00f6nnen die Erben gegen\u00fcber den Banken, der Beh\u00f6rden (so z.B. Grundbuch\u00e4mter &#8211; tapu dairesi) als Erbe auftreten, Rechtsgesch\u00e4fte vornehmen und Ausk\u00fcnfte \u00fcber den Nachlass (z.B. Bankkonten) einholen.<\/p>\t\t\t\t\t\t\t\t<\/div>\n\t\t\t\t<div class=\"elementor-element elementor-element-806f14f elementor-widget elementor-widget-heading\" data-id=\"806f14f\" data-element_type=\"widget\" data-e-type=\"widget\" data-widget_type=\"heading.default\">\n\t\t\t\t\t<p class=\"elementor-heading-title elementor-size-default\">In einem Deutsch-T\u00fcrkischen Erbfall k\u00f6nnen wir gerne f\u00fcr Sie einen t\u00fcrkischen Erbschein beim zust\u00e4ndigen Gericht beantragen. <\/p>\t\t\t\t<\/div>\n\t\t\t\t<div class=\"elementor-element elementor-element-c71870e elementor-widget elementor-widget-text-editor\" data-id=\"c71870e\" data-element_type=\"widget\" data-e-type=\"widget\" data-widget_type=\"text-editor.default\">\n\t\t\t\t\t\t\t\t\t<p>Nach dem Todesfall des Angeh\u00f6rigen sind die meisten Erben mit der Abwicklung der Erbangelegenheiten \u00fcberfordert. Dies gilt umsomehr, wenn der Erfall einen internationalen Bezug (Deutsch-T\u00fcrkisch) hat. Unsere Rechtsanwaltskanzlei ist auf die juristische Bearbeitung\u00a0von Erbf\u00e4llen mit T\u00fcrkeibezug spezialisiert und kann Sie\u00a0\u00fcber den Verlauf umfassend beraten und s\u00e4mtliche Formalit\u00e4ten f\u00fcr Sie erledigen. Eine kostenintensive Anreise in die T\u00fcrkei wird somit \u00fcberfl\u00fcssig.<\/p><p><strong>Unsere Dienstleistungen und Angebote im \u00dcberblick:<\/strong><\/p><ul class=\"list-arrow arrow-red\"><li>Beantragung eines Erbscheins beim t\u00fcrkischen Gericht\u00a0(als Nachweis f\u00fcr Ihre Erbenstellung)\u00a0<\/li><li>Nachlassrecherche (Auffinden der beweglichen und unbeweglichen Nachlassgegenst\u00e4nden)\u00a0zur Absicherung Ihrer Rechte\u00a0<\/li><li>Korrespondenz mit den Erben und sonstigen Beteiligten in Landessprache<\/li><li>Bewertung der Nachlassimmobilen (z.B. durch unabh\u00e4ngige Sachverst\u00e4ndigen)\u00a0<\/li><li>Teilung des Nachlasses (gerichtliche bzw. au\u00dfergerichtliche Auseinandersetzung mit den Erben)<\/li><li>Vertretung bei Nachlassstreitigkeiten<\/li><li>Vertretung beim Grundbuchamt\u00a0f\u00fcr die Umschreibung der Immobilie (z.B. bei der Auflassung und Eintragung)<\/li><li>Auszahlung und Transfer des Barverm\u00f6gens nach Deutschland\u00a0\u00a0<\/li><li>Durchf\u00fchrung eines Mediationsverfahrens zur g\u00fctlichen Einigung zwischen den Erben<\/li><li>Hilfestellung bei der gewillk\u00fcrten Erbfolge (Verf\u00fcgung von Todes Wegen z.B. Testament, Erbvertrag)<\/li><\/ul><p>\u00a0<\/p><p>F\u00fcr weitere Fragen stehen wir Ihnen gerne zur Verf\u00fcgung.<\/p><p>Allgemeine und unverbindliche Informationen zum t\u00fcrkischen Erbschein k\u00f6nnen Sie aus dem nachfolgenden Video entnehmen.<\/p>\t\t\t\t\t\t\t\t<\/div>\n\t\t\t\t<section class=\"elementor-section elementor-inner-section elementor-element elementor-element-33b57a9 elementor-section-boxed elementor-section-height-default elementor-section-height-default\" data-id=\"33b57a9\" data-element_type=\"section\" data-e-type=\"section\">\n\t\t\t\t\t\t<div class=\"elementor-container elementor-column-gap-default\">\n\t\t\t\t\t<div class=\"elementor-column elementor-col-50 elementor-inner-column elementor-element elementor-element-5a6cf87\" data-id=\"5a6cf87\" data-element_type=\"column\" data-e-type=\"column\">\n\t\t\t<div class=\"elementor-widget-wrap elementor-element-populated\">\n\t\t\t\t\t\t<div class=\"elementor-element elementor-element-b46556e elementor-widget elementor-widget-video\" data-id=\"b46556e\" data-element_type=\"widget\" data-e-type=\"widget\" data-settings=\"{&quot;youtube_url&quot;:&quot;https:\\\/\\\/youtu.be\\\/TF9bN50vlhk&quot;,&quot;video_type&quot;:&quot;youtube&quot;,&quot;controls&quot;:&quot;yes&quot;}\" data-widget_type=\"video.default\">\n\t\t\t\t\t\t\t<div class=\"elementor-wrapper elementor-open-inline\">\n\t\t\t<div class=\"elementor-video\"><\/div>\t\t<\/div>\n\t\t\t\t\t\t<\/div>\n\t\t\t\t\t<\/div>\n\t\t<\/div>\n\t\t\t\t<div class=\"elementor-column elementor-col-50 elementor-inner-column elementor-element elementor-element-43e4391\" data-id=\"43e4391\" data-element_type=\"column\" data-e-type=\"column\">\n\t\t\t<div class=\"elementor-widget-wrap\">\n\t\t\t\t\t\t\t<\/div>\n\t\t<\/div>\n\t\t\t\t\t<\/div>\n\t\t<\/section>\n\t\t\t\t\t<\/div>\n\t\t<\/div>\n\t\t\t\t\t<\/div>\n\t\t<\/section>\n\t\t\t\t<\/div>\n\t\t","protected":false},"excerpt":{"rendered":"<p>Gerichtliches Erbscheinerteilungsverfahren in der T\u00fcrkei T\u00fcrkisches Erbrecht: der Erbschein als Nachweis der Erbberechtigung Die Erben m\u00fcssen f\u00fcr den Nachweis ihrer [&hellip;]<\/p>\n","protected":false},"author":1,"featured_media":0,"parent":0,"menu_order":0,"comment_status":"closed","ping_status":"closed","template":"elementor_header_footer","meta":{"site-sidebar-layout":"no-sidebar","site-content-layout":"","ast-site-content-layout":"full-width-container","site-content-style":"default","site-sidebar-style":"default","ast-global-header-display":"","ast-banner-title-visibility":"","ast-main-header-display":"","ast-hfb-above-header-display":"","ast-hfb-below-header-display":"","ast-hfb-mobile-header-display":"","site-post-title":"","ast-breadcrumbs-content":"","ast-featured-img":"disabled","footer-sml-layout":"","ast-disable-related-posts":"","theme-transparent-header-meta":"","adv-header-id-meta":"","stick-header-meta":"","header-above-stick-meta":"","header-main-stick-meta":"","header-below-stick-meta":"","astra-migrate-meta-layouts":"default","ast-page-background-enabled":"default","ast-page-background-meta":{"desktop":{"background-color":"var(--ast-global-color-5)","background-image":"","background-repeat":"repeat","background-position":"center center","background-size":"auto","background-attachment":"scroll","background-type":"","background-media":"","overlay-type":"","overlay-color":"","overlay-opacity":"","overlay-gradient":""},"tablet":{"background-color":"","background-image":"","background-repeat":"repeat","background-position":"center center","background-size":"auto","background-attachment":"scroll","background-type":"","background-media":"","overlay-type":"","overlay-color":"","overlay-opacity":"","overlay-gradient":""},"mobile":{"background-color":"","background-image":"","background-repeat":"repeat","background-position":"center center","background-size":"auto","background-attachment":"scroll","background-type":"","background-media":"","overlay-type":"","overlay-color":"","overlay-opacity":"","overlay-gradient":""}},"ast-content-background-meta":{"desktop":{"background-color":"var(--ast-global-color-4)","background-image":"","background-repeat":"repeat","background-position":"center center","background-size":"auto","background-attachment":"scroll","background-type":"","background-media":"","overlay-type":"","overlay-color":"","overlay-opacity":"","overlay-gradient":""},"tablet":{"background-color":"var(--ast-global-color-4)","background-image":"","background-repeat":"repeat","background-position":"center center","background-size":"auto","background-attachment":"scroll","background-type":"","background-media":"","overlay-type":"","overlay-color":"","overlay-opacity":"","overlay-gradient":""},"mobile":{"background-color":"var(--ast-global-color-4)","background-image":"","background-repeat":"repeat","background-position":"center center","background-size":"auto","background-attachment":"scroll","background-type":"","background-media":"","overlay-type":"","overlay-color":"","overlay-opacity":"","overlay-gradient":""}},"footnotes":""},"class_list":["post-1005","page","type-page","status-publish","hentry"],"_links":{"self":[{"href":"https:\/\/clientstagingpro.website\/dev150\/wp-json\/wp\/v2\/pages\/1005","targetHints":{"allow":["GET"]}}],"collection":[{"href":"https:\/\/clientstagingpro.website\/dev150\/wp-json\/wp\/v2\/pages"}],"about":[{"href":"https:\/\/clientstagingpro.website\/dev150\/wp-json\/wp\/v2\/types\/page"}],"author":[{"embeddable":true,"href":"https:\/\/clientstagingpro.website\/dev150\/wp-json\/wp\/v2\/users\/1"}],"replies":[{"embeddable":true,"href":"https:\/\/clientstagingpro.website\/dev150\/wp-json\/wp\/v2\/comments?post=1005"}],"version-history":[{"count":7,"href":"https:\/\/clientstagingpro.website\/dev150\/wp-json\/wp\/v2\/pages\/1005\/revisions"}],"predecessor-version":[{"id":1012,"href":"https:\/\/clientstagingpro.website\/dev150\/wp-json\/wp\/v2\/pages\/1005\/revisions\/1012"}],"wp:attachment":[{"href":"https:\/\/clientstagingpro.website\/dev150\/wp-json\/wp\/v2\/media?parent=1005"}],"curies":[{"name":"wp","href":"https:\/\/api.w.org\/{rel}","templated":true}]}}