{"id":172,"date":"2026-01-14T16:04:24","date_gmt":"2026-01-14T16:04:24","guid":{"rendered":"https:\/\/clientstagingpro.website\/dev120\/?page_id=172"},"modified":"2026-02-14T06:38:49","modified_gmt":"2026-02-14T06:38:49","slug":"uber-uns","status":"publish","type":"page","link":"https:\/\/clientstagingpro.website\/dev120\/uber-uns\/","title":{"rendered":"\u00dcber uns"},"content":{"rendered":"\t\t<div data-elementor-type=\"wp-page\" data-elementor-id=\"172\" class=\"elementor elementor-172\" data-elementor-post-type=\"page\">\n\t\t\t\t\t\t<section class=\"elementor-section elementor-top-section elementor-element elementor-element-b34b28c elementor-section-height-min-height elementor-section-boxed elementor-section-height-default elementor-section-items-middle\" data-id=\"b34b28c\" data-element_type=\"section\" data-e-type=\"section\" data-settings=\"{&quot;background_background&quot;:&quot;classic&quot;}\">\n\t\t\t\t\t\t\t<div class=\"elementor-background-overlay\"><\/div>\n\t\t\t\t\t\t\t<div class=\"elementor-container elementor-column-gap-no\">\n\t\t\t\t\t<div class=\"elementor-column elementor-col-100 elementor-top-column elementor-element elementor-element-0cbfbdc\" data-id=\"0cbfbdc\" data-element_type=\"column\" data-e-type=\"column\">\n\t\t\t<div class=\"elementor-widget-wrap elementor-element-populated\">\n\t\t\t\t\t\t<div class=\"elementor-element elementor-element-acf31d1 elementor-widget elementor-widget-heading\" data-id=\"acf31d1\" data-element_type=\"widget\" data-e-type=\"widget\" data-widget_type=\"heading.default\">\n\t\t\t\t\t<h2 class=\"elementor-heading-title elementor-size-default\">Im Namen der Rechtsanwaltskanzlei PINARAK hei\u00dfe ich Sie herzlich Willkommen!<\/h2>\t\t\t\t<\/div>\n\t\t\t\t<div class=\"elementor-element elementor-element-9173d8f elementor-widget elementor-widget-text-editor\" data-id=\"9173d8f\" data-element_type=\"widget\" data-e-type=\"widget\" data-widget_type=\"text-editor.default\">\n\t\t\t\t\t\t\t\t\tDie Kanzlei ist als B\u00fcrogemeinschaft organisiert und besteht aus mehreren selbst\u00e4ndigen und fachkundigen Rechtsanw\u00e4lten in B\u00fcrogemeinschaft (ohne eine gegenseitige Haftung). Durch die Vielzahl der Fachanw\u00e4lte sind wir innerhalb der B\u00fcrogemeinschaft in der Lage ein breites Spektrum an Rechtsgebieten abzudecken. \t\t\t\t\t\t\t\t<\/div>\n\t\t\t\t<div class=\"elementor-element elementor-element-bf706c2 elementor-tablet-align-center elementor-mobile-align-center elementor-align-center elementor-widget elementor-widget-button\" data-id=\"bf706c2\" data-element_type=\"widget\" data-e-type=\"widget\" data-widget_type=\"button.default\">\n\t\t\t\t\t\t\t\t\t\t<a class=\"elementor-button elementor-button-link elementor-size-md elementor-animation-float\" href=\"https:\/\/clientstagingpro.website\/dev120\/kontakt\/\">\n\t\t\t\t\t\t<span class=\"elementor-button-content-wrapper\">\n\t\t\t\t\t\t\t\t\t<span class=\"elementor-button-text\">Jetzt unverbindlich kontaktieren<\/span>\n\t\t\t\t\t<\/span>\n\t\t\t\t\t<\/a>\n\t\t\t\t\t\t\t\t<\/div>\n\t\t\t\t\t<\/div>\n\t\t<\/div>\n\t\t\t\t\t<\/div>\n\t\t<\/section>\n\t\t\t\t<section class=\"elementor-section elementor-top-section elementor-element elementor-element-b143195 elementor-section-boxed elementor-section-height-default elementor-section-height-default\" data-id=\"b143195\" data-element_type=\"section\" data-e-type=\"section\" data-settings=\"{&quot;background_background&quot;:&quot;classic&quot;}\">\n\t\t\t\t\t\t<div class=\"elementor-container elementor-column-gap-no\">\n\t\t\t\t\t<div class=\"elementor-column elementor-col-100 elementor-top-column elementor-element elementor-element-7019bc5\" data-id=\"7019bc5\" data-element_type=\"column\" data-e-type=\"column\">\n\t\t\t<div class=\"elementor-widget-wrap elementor-element-populated\">\n\t\t\t\t\t\t<section class=\"elementor-section elementor-inner-section elementor-element elementor-element-f9adccc elementor-section-boxed elementor-section-height-default elementor-section-height-default\" data-id=\"f9adccc\" data-element_type=\"section\" data-e-type=\"section\">\n\t\t\t\t\t\t<div class=\"elementor-container elementor-column-gap-no\">\n\t\t\t\t\t<div class=\"elementor-column elementor-col-50 elementor-inner-column elementor-element elementor-element-325dae0\" data-id=\"325dae0\" data-element_type=\"column\" data-e-type=\"column\">\n\t\t\t<div class=\"elementor-widget-wrap elementor-element-populated\">\n\t\t\t\t\t\t<div class=\"elementor-element elementor-element-96b89c5 elementor-widget elementor-widget-image\" data-id=\"96b89c5\" data-element_type=\"widget\" data-e-type=\"widget\" data-widget_type=\"image.default\">\n\t\t\t\t\t\t\t\t\t\t\t\t\t\t\t<img fetchpriority=\"high\" decoding=\"async\" width=\"200\" height=\"272\" src=\"https:\/\/clientstagingpro.website\/dev120\/wp-content\/uploads\/2026\/01\/ATTORNEY-DR.-PINARAK.jpg\" class=\"attachment-full size-full wp-image-82\" alt=\"\" \/>\t\t\t\t\t\t\t\t\t\t\t\t\t\t\t<\/div>\n\t\t\t\t\t<\/div>\n\t\t<\/div>\n\t\t\t\t<div class=\"elementor-column elementor-col-50 elementor-inner-column elementor-element elementor-element-654a277\" data-id=\"654a277\" data-element_type=\"column\" data-e-type=\"column\">\n\t\t\t<div class=\"elementor-widget-wrap elementor-element-populated\">\n\t\t\t\t\t\t<div class=\"elementor-element elementor-element-b739e3f elementor-widget elementor-widget-heading\" data-id=\"b739e3f\" data-element_type=\"widget\" data-e-type=\"widget\" data-widget_type=\"heading.default\">\n\t\t\t\t\t<h2 class=\"elementor-heading-title elementor-size-default\">Rechtsanwalt &amp; Mediator Dr. Servet Pinarak<\/h2>\t\t\t\t<\/div>\n\t\t\t\t\t<\/div>\n\t\t<\/div>\n\t\t\t\t\t<\/div>\n\t\t<\/section>\n\t\t\t\t<div class=\"elementor-element elementor-element-15b25c3 elementor-widget elementor-widget-text-editor\" data-id=\"15b25c3\" data-element_type=\"widget\" data-e-type=\"widget\" data-widget_type=\"text-editor.default\">\n\t\t\t\t\t\t\t\t\tThe founder of the law firm Dr. PINARAK was born in 1971 in Kiel. He is a member of numerous German-Turkish business associations.\t\t\t\t\t\t\t\t<\/div>\n\t\t\t\t<div class=\"elementor-element elementor-element-605a9ef elementor-widget elementor-widget-text-editor\" data-id=\"605a9ef\" data-element_type=\"widget\" data-e-type=\"widget\" data-widget_type=\"text-editor.default\">\n\t\t\t\t\t\t\t\t\tThe law firm is organized as an office community and consists of several independent and expert lawyers in office community (without mutual liability). Due to the large number of specialist lawyers, we are able to cover a wide range of areas of law within the office community. \t\t\t\t\t\t\t\t<\/div>\n\t\t\t\t\t<\/div>\n\t\t<\/div>\n\t\t\t\t\t<\/div>\n\t\t<\/section>\n\t\t\t\t<section class=\"elementor-section elementor-top-section elementor-element elementor-element-780ffdc elementor-reverse-tablet elementor-reverse-mobile elementor-section-boxed elementor-section-height-default elementor-section-height-default\" data-id=\"780ffdc\" data-element_type=\"section\" data-e-type=\"section\" data-settings=\"{&quot;background_background&quot;:&quot;classic&quot;}\">\n\t\t\t\t\t\t<div class=\"elementor-container elementor-column-gap-no\">\n\t\t\t\t\t<div class=\"elementor-column elementor-col-50 elementor-top-column elementor-element elementor-element-9e4e709\" data-id=\"9e4e709\" data-element_type=\"column\" data-e-type=\"column\">\n\t\t\t<div class=\"elementor-widget-wrap elementor-element-populated\">\n\t\t\t\t\t\t<div class=\"elementor-element elementor-element-03a7d4a elementor-widget elementor-widget-heading\" data-id=\"03a7d4a\" data-element_type=\"widget\" data-e-type=\"widget\" data-widget_type=\"heading.default\">\n\t\t\t\t\t<h2 class=\"elementor-heading-title elementor-size-default\">Zus\u00e4tzliche Zulassung bei der Rechtsanwaltskammer Istanbul als Rechtsanwalt \"Avukat\" f\u00fcr t\u00fcrkisches Recht <\/h2>\t\t\t\t<\/div>\n\t\t\t\t<div class=\"elementor-element elementor-element-10ad3e6 elementor-widget elementor-widget-text-editor\" data-id=\"10ad3e6\" data-element_type=\"widget\" data-e-type=\"widget\" data-widget_type=\"text-editor.default\">\n\t\t\t\t\t\t\t\t\tRechtsanwalt Dr. PINARAK ist zugleich als Rechtsanwalt t\u00fcrkischen Rechts bei der Rechtsanwaltskammer Istanbul als &#8220;Avukat&#8221; zugelassen. Rechtsanwalt &#038; Avukat PINARAK ist somit befugt sowohl in Deutschland als auch in der T\u00fcrkei die Berufsbezeichnung &#8220;Rechtsanwalt&#8221; und &#8220;Avukat&#8221; zu f\u00fchren und kann in beiden L\u00e4ndern als &#8220;vollwertiger&#8221; Rechtsanwalt &#038; Avukat t\u00e4tig werden. Um diese Doppelqualifizierung zu erhalten, wurde zus\u00e4tzlich die Juristische Fakult\u00e4t Istanbul &#8211; Istanbul Hukuk Fak\u00fcltesi &#8211; besucht und anschlie\u00dfend das juristische Anerkennungs- und Pr\u00fcfungsverfahren in der T\u00fcrkei erfolgreich absolviert. \t\t\t\t\t\t\t\t<\/div>\n\t\t\t\t\t<\/div>\n\t\t<\/div>\n\t\t\t\t<div class=\"elementor-column elementor-col-50 elementor-top-column elementor-element elementor-element-74cce24\" data-id=\"74cce24\" data-element_type=\"column\" data-e-type=\"column\" data-settings=\"{&quot;background_background&quot;:&quot;classic&quot;}\">\n\t\t\t<div class=\"elementor-widget-wrap elementor-element-populated\">\n\t\t\t\t\t\t<div class=\"elementor-element elementor-element-29a75a0 elementor-widget elementor-widget-spacer\" data-id=\"29a75a0\" data-element_type=\"widget\" data-e-type=\"widget\" data-widget_type=\"spacer.default\">\n\t\t\t\t\t\t\t<div class=\"elementor-spacer\">\n\t\t\t<div class=\"elementor-spacer-inner\"><\/div>\n\t\t<\/div>\n\t\t\t\t\t\t<\/div>\n\t\t\t\t\t<\/div>\n\t\t<\/div>\n\t\t\t\t\t<\/div>\n\t\t<\/section>\n\t\t\t\t<section class=\"elementor-section elementor-top-section elementor-element elementor-element-e13f933 elementor-section-boxed elementor-section-height-default elementor-section-height-default\" data-id=\"e13f933\" data-element_type=\"section\" data-e-type=\"section\" data-settings=\"{&quot;background_background&quot;:&quot;classic&quot;}\">\n\t\t\t\t\t\t<div class=\"elementor-container elementor-column-gap-no\">\n\t\t\t\t\t<div class=\"elementor-column elementor-col-100 elementor-top-column elementor-element elementor-element-d9654cb\" data-id=\"d9654cb\" data-element_type=\"column\" data-e-type=\"column\">\n\t\t\t<div class=\"elementor-widget-wrap elementor-element-populated\">\n\t\t\t\t\t\t<div class=\"elementor-element elementor-element-ad20a53 elementor-widget elementor-widget-heading\" data-id=\"ad20a53\" data-element_type=\"widget\" data-e-type=\"widget\" data-widget_type=\"heading.default\">\n\t\t\t\t\t<h2 class=\"elementor-heading-title elementor-size-default\">Was wir f\u00fcr Sie beim Kauf einer Immobilie in der T\u00fcrkei leisten k\u00f6nnen:<\/h2>\t\t\t\t<\/div>\n\t\t\t\t<div class=\"elementor-element elementor-element-9fe6dbd elementor-widget elementor-widget-heading\" data-id=\"9fe6dbd\" data-element_type=\"widget\" data-e-type=\"widget\" data-widget_type=\"heading.default\">\n\t\t\t\t\t<p class=\"elementor-heading-title elementor-size-default\">Unsere Dienstleistungen und Angebote im \u00dcberblick:<\/p>\t\t\t\t<\/div>\n\t\t\t\t<section class=\"elementor-section elementor-inner-section elementor-element elementor-element-924a454 elementor-section-boxed elementor-section-height-default elementor-section-height-default\" data-id=\"924a454\" data-element_type=\"section\" data-e-type=\"section\">\n\t\t\t\t\t\t<div class=\"elementor-container elementor-column-gap-no\">\n\t\t\t\t\t<div class=\"elementor-column elementor-col-33 elementor-inner-column elementor-element elementor-element-648ebe9\" data-id=\"648ebe9\" data-element_type=\"column\" data-e-type=\"column\">\n\t\t\t<div class=\"elementor-widget-wrap elementor-element-populated\">\n\t\t\t\t\t\t<div class=\"elementor-element elementor-element-ef551ec ekit-equal-height-disable elementor-widget elementor-widget-elementskit-image-box\" data-id=\"ef551ec\" data-element_type=\"widget\" data-e-type=\"widget\" data-widget_type=\"elementskit-image-box.default\">\n\t\t\t\t\t<div class=\"ekit-wid-con\" >\n            <div class=\"elementskit-info-image-box ekit-image-box text-center simple-card\" >\n\n                \n                <div class=\"elementskit-box-header image-box-img-center\">\n\n                    <img decoding=\"async\" src=\"https:\/\/clientstagingpro.website\/dev120\/wp-content\/uploads\/elementor\/thumbs\/AdobeStock_19668271-rj4pllxh0gm2diwxegi8znu00oc8dwo93ds4vyjfz4.jpg\" title=\"AdobeStock_19668271\" alt=\"AdobeStock_19668271\" loading=\"lazy\" \/>\n                <\/div>\n                \n                <div class=\"elementskit-box-body ekit-image-box-body\">\n                    <div class=\"elementskit-box-content ekit-image-box-body-inner\">\n                                                <h3 class=\"elementskit-info-box-title\">\n\n                        Mediator (interkulturelles Mediationsverfahren) \n                        \n                    <\/h3>\n                                                            <div class=\"elementskit-box-style-content\">\n                        Neben der klassischen anwaltlichen T\u00e4tigkeit f\u00fchrt Herr Rechtsanwalt Dr. PINARAK als Mediator Mediationsverfahren (insbesondere interkulturelles Mediationsverfahren als au\u00dfergerichtliches Konfliktl\u00f6sungsverfahren) durch.                     <\/div>\n                                    <\/div>\n\n                            <\/div>\n            <\/div>\n    <\/div>\t\t\t\t<\/div>\n\t\t\t\t\t<\/div>\n\t\t<\/div>\n\t\t\t\t<div class=\"elementor-column elementor-col-33 elementor-inner-column elementor-element elementor-element-89012e0\" data-id=\"89012e0\" data-element_type=\"column\" data-e-type=\"column\">\n\t\t\t<div class=\"elementor-widget-wrap elementor-element-populated\">\n\t\t\t\t\t\t<div class=\"elementor-element elementor-element-0b816c0 ekit-equal-height-disable elementor-widget elementor-widget-elementskit-image-box\" data-id=\"0b816c0\" data-element_type=\"widget\" data-e-type=\"widget\" data-widget_type=\"elementskit-image-box.default\">\n\t\t\t\t\t<div class=\"ekit-wid-con\" >\n            <div class=\"elementskit-info-image-box ekit-image-box text-center simple-card\" >\n\n                \n                <div class=\"elementskit-box-header image-box-img-center\">\n\n                    <img decoding=\"async\" src=\"https:\/\/clientstagingpro.website\/dev120\/wp-content\/uploads\/elementor\/thumbs\/AdobeStock_28521045-rj4pr2dqou2zs0zkjbf9ys9c67fy2nc5ie4m6sg5uo.jpg\" title=\"AdobeStock_28521045\" alt=\"AdobeStock_28521045\" loading=\"lazy\" \/>\n                <\/div>\n                \n                <div class=\"elementskit-box-body ekit-image-box-body\">\n                    <div class=\"elementskit-box-content ekit-image-box-body-inner\">\n                                                <h3 class=\"elementskit-info-box-title\">\n\n                        Teilnahme am Fachanwaltslehrgang: \"Fachanwalt f\u00fcr Erbrecht\" \n                        \n                    <\/h3>\n                                                            <div class=\"elementskit-box-style-content\">\n                        Um die theoretischen Kenntnisse im Erbrecht weiter zu vertiefen und die fachliche Qualifikation zu erweitern, wurde am Fachanwaltslehrgang \"Fachanwalt f\u00fcr Erbrecht\" teilgenommen.                     <\/div>\n                                    <\/div>\n\n                            <\/div>\n            <\/div>\n    <\/div>\t\t\t\t<\/div>\n\t\t\t\t\t<\/div>\n\t\t<\/div>\n\t\t\t\t<div class=\"elementor-column elementor-col-33 elementor-inner-column elementor-element elementor-element-b479f2b\" data-id=\"b479f2b\" data-element_type=\"column\" data-e-type=\"column\">\n\t\t\t<div class=\"elementor-widget-wrap elementor-element-populated\">\n\t\t\t\t\t\t<div class=\"elementor-element elementor-element-ec32c70 ekit-equal-height-disable elementor-widget elementor-widget-elementskit-image-box\" data-id=\"ec32c70\" data-element_type=\"widget\" data-e-type=\"widget\" data-widget_type=\"elementskit-image-box.default\">\n\t\t\t\t\t<div class=\"ekit-wid-con\" >\n            <div class=\"elementskit-info-image-box ekit-image-box text-center simple-card\" >\n\n                \n                <div class=\"elementskit-box-header image-box-img-center\">\n\n                    <img decoding=\"async\" src=\"https:\/\/clientstagingpro.website\/dev120\/wp-content\/uploads\/elementor\/thumbs\/AdobeStock_24367036-rj4pr0i2b60f4t2auam0tsqezfp7n94ou4tn88iy74.jpg\" title=\"AdobeStock_24367036\" alt=\"AdobeStock_24367036\" loading=\"lazy\" \/>\n                <\/div>\n                \n                <div class=\"elementskit-box-body ekit-image-box-body\">\n                    <div class=\"elementskit-box-content ekit-image-box-body-inner\">\n                                                <h3 class=\"elementskit-info-box-title\">\n\n                        Beeidigter Dolmetscher und \u00dcbersetzer:\n                        \n                    <\/h3>\n                                                            <div class=\"elementskit-box-style-content\">\n                        Rechtsanwalt Dr. PINARAK ist allgemein Beeidigter Dolmetscher und \u00dcbersetzer f\u00fcr die t\u00fcrkische Sprache beim Landgericht Hannover sowie allgemein Beeidigter Dolmetscher und \u00dcbersetzer f\u00fcr die deutsche Sprache beim 3. Notariat Ku\u015fadas\u0131-T\u00fcrkei.                    <\/div>\n                                    <\/div>\n\n                            <\/div>\n            <\/div>\n    <\/div>\t\t\t\t<\/div>\n\t\t\t\t\t<\/div>\n\t\t<\/div>\n\t\t\t\t\t<\/div>\n\t\t<\/section>\n\t\t\t\t<div class=\"elementor-element elementor-element-09639cb elementor-tablet-align-center elementor-mobile-align-center elementor-align-center elementor-widget elementor-widget-button\" data-id=\"09639cb\" data-element_type=\"widget\" data-e-type=\"widget\" data-widget_type=\"button.default\">\n\t\t\t\t\t\t\t\t\t\t<a class=\"elementor-button elementor-button-link elementor-size-md elementor-animation-float\" href=\"https:\/\/clientstagingpro.website\/dev120\/kontakt\/\">\n\t\t\t\t\t\t<span class=\"elementor-button-content-wrapper\">\n\t\t\t\t\t\t\t\t\t<span class=\"elementor-button-text\">jetzt unverbindlich kontaktieren<\/span>\n\t\t\t\t\t<\/span>\n\t\t\t\t\t<\/a>\n\t\t\t\t\t\t\t\t<\/div>\n\t\t\t\t\t<\/div>\n\t\t<\/div>\n\t\t\t\t\t<\/div>\n\t\t<\/section>\n\t\t\t\t<\/div>\n\t\t","protected":false},"excerpt":{"rendered":"<p>Im Namen der Rechtsanwaltskanzlei PINARAK hei\u00dfe ich Sie herzlich Willkommen! Die Kanzlei ist als B\u00fcrogemeinschaft organisiert und besteht aus mehreren [&hellip;]<\/p>\n","protected":false},"author":1,"featured_media":0,"parent":0,"menu_order":0,"comment_status":"closed","ping_status":"closed","template":"elementor_header_footer","meta":{"site-sidebar-layout":"no-sidebar","site-content-layout":"","ast-site-content-layout":"full-width-container","site-content-style":"default","site-sidebar-style":"default","ast-global-header-display":"","ast-banner-title-visibility":"","ast-main-header-display":"","ast-hfb-above-header-display":"","ast-hfb-below-header-display":"","ast-hfb-mobile-header-display":"","site-post-title":"","ast-breadcrumbs-content":"","ast-featured-img":"disabled","footer-sml-layout":"","ast-disable-related-posts":"","theme-transparent-header-meta":"","adv-header-id-meta":"","stick-header-meta":"","header-above-stick-meta":"","header-main-stick-meta":"","header-below-stick-meta":"","astra-migrate-meta-layouts":"default","ast-page-background-enabled":"default","ast-page-background-meta":{"desktop":{"background-color":"var(--ast-global-color-5)","background-image":"","background-repeat":"repeat","background-position":"center center","background-size":"auto","background-attachment":"scroll","background-type":"","background-media":"","overlay-type":"","overlay-color":"","overlay-opacity":"","overlay-gradient":""},"tablet":{"background-color":"","background-image":"","background-repeat":"repeat","background-position":"center center","background-size":"auto","background-attachment":"scroll","background-type":"","background-media":"","overlay-type":"","overlay-color":"","overlay-opacity":"","overlay-gradient":""},"mobile":{"background-color":"","background-image":"","background-repeat":"repeat","background-position":"center center","background-size":"auto","background-attachment":"scroll","background-type":"","background-media":"","overlay-type":"","overlay-color":"","overlay-opacity":"","overlay-gradient":""}},"ast-content-background-meta":{"desktop":{"background-color":"var(--ast-global-color-4)","background-image":"","background-repeat":"repeat","background-position":"center center","background-size":"auto","background-attachment":"scroll","background-type":"","background-media":"","overlay-type":"","overlay-color":"","overlay-opacity":"","overlay-gradient":""},"tablet":{"background-color":"var(--ast-global-color-4)","background-image":"","background-repeat":"repeat","background-position":"center center","background-size":"auto","background-attachment":"scroll","background-type":"","background-media":"","overlay-type":"","overlay-color":"","overlay-opacity":"","overlay-gradient":""},"mobile":{"background-color":"var(--ast-global-color-4)","background-image":"","background-repeat":"repeat","background-position":"center center","background-size":"auto","background-attachment":"scroll","background-type":"","background-media":"","overlay-type":"","overlay-color":"","overlay-opacity":"","overlay-gradient":""}},"footnotes":""},"class_list":["post-172","page","type-page","status-publish","hentry"],"_links":{"self":[{"href":"https:\/\/clientstagingpro.website\/dev120\/wp-json\/wp\/v2\/pages\/172","targetHints":{"allow":["GET"]}}],"collection":[{"href":"https:\/\/clientstagingpro.website\/dev120\/wp-json\/wp\/v2\/pages"}],"about":[{"href":"https:\/\/clientstagingpro.website\/dev120\/wp-json\/wp\/v2\/types\/page"}],"author":[{"embeddable":true,"href":"https:\/\/clientstagingpro.website\/dev120\/wp-json\/wp\/v2\/users\/1"}],"replies":[{"embeddable":true,"href":"https:\/\/clientstagingpro.website\/dev120\/wp-json\/wp\/v2\/comments?post=172"}],"version-history":[{"count":40,"href":"https:\/\/clientstagingpro.website\/dev120\/wp-json\/wp\/v2\/pages\/172\/revisions"}],"predecessor-version":[{"id":1136,"href":"https:\/\/clientstagingpro.website\/dev120\/wp-json\/wp\/v2\/pages\/172\/revisions\/1136"}],"wp:attachment":[{"href":"https:\/\/clientstagingpro.website\/dev120\/wp-json\/wp\/v2\/media?parent=172"}],"curies":[{"name":"wp","href":"https:\/\/api.w.org\/{rel}","templated":true}]}}